{"id":10,"date":"2013-10-29T19:27:25","date_gmt":"2013-10-29T17:27:25","guid":{"rendered":"http:\/\/rv-schwalbe-asslar.de\/wordpress\/?page_id=10"},"modified":"2021-10-25T09:22:58","modified_gmt":"2021-10-25T08:22:58","slug":"impressum","status":"publish","type":"page","link":"http:\/\/rv-schwalbe-asslar.de\/wordpress\/?page_id=10","title":{"rendered":"Impressum"},"content":{"rendered":"<p>Herausgeber dieser Seiten ist der:<\/p>\n<p style=\"padding-left: 30px;\">Radfahrverein&nbsp; Schwalbe A\u00dflar 1913 e.V.<br \/>\nLuisenstr. 11b<br \/>\n35614 A\u00dflar<\/p>\n<p><strong>Telefon<\/strong>: 06441-2102992<br \/>\n<strong>email<\/strong>: &nbsp;vorstand@rv-schwalbe-asslar.de<br \/>\n<strong>Vertretungsberechtigter <\/strong>Vorstand: &nbsp;Simon Gl\u00f6ckner, B\u00e4rbel M\u00fcller<br \/>\n<strong>Registergerricht<\/strong>: Amtsgericht Wetzlar<br \/>\n<strong>Regiesternummer<\/strong>: VR 484<\/p>\n<h2>Rechtshinweis<\/h2>\n<p>Alle in unseren Internetseiten enthaltenen Angaben und Informationen wurden von der RV Schwalbe A\u00dflar (im Weiteren RV Schwalbe genannt) oder Dritten sorgf\u00e4ltig recherchiert und gepr\u00fcft. F\u00fcr Richtigkeit, Vollst\u00e4ndigkeit und Aktualit\u00e4t k\u00f6nnen weder die RV Schwalbe noch Dritte die Haftung \u00fcbernehmen. Alle Informationen dienen ausschlie\u00dflich zur Information der Besucher des Onlineangebotes der RV-Schwalbe.<\/p>\n<p>Im \u00dcbrigen ist die Haftung auf Vorsatz oder grobe Fahrl\u00e4ssigkeit beschr\u00e4nkt. F\u00fcr Internetseiten Dritter, auf die&nbsp; RV Schwalbe durch Hyperlinks verweist, tragen die jeweiligen Anbieter die Verantwortung. Die RV Schwalbe ist f\u00fcr den Inhalt solcher Seiten Dritter nicht verantwortlich.<\/p>\n<p>Des weiteren kann die RV Schwalbe -Web-Seite ohne Wissen der RV Schwalbe von einer anderen Web-Seite mittels Hyperlink angelinkt worden sein. Die RV Schwalbe \u00fcbernimmt keine Verantwortung f\u00fcr Darstellungen, Inhalt oder irgendeine Verbindung zur RV Schwalbe in Web-Seiten Dritter. Au\u00dferdem beh\u00e4lt sich die RV Schwalbe das Recht vor, \u00c4nderungen oder Erg\u00e4nzungen der bereitgestellten Informationen vorzunehmen.<\/p>\n<p>Die Vervielf\u00e4ltigung von Informationen oder Daten, insbesondere die Verwendung von Texten, Textteilen oder Bildmaterial bedarf der ausdr\u00fccklichen vorherigen Zustimmung der RV Schwalbe. Angabe gem\u00e4\u00df \u00a7 6 Anbieterkennzeichnung des TDG (Teledienstgesetz).<\/p>\n","protected":false},"excerpt":{"rendered":"<p>Herausgeber dieser Seiten ist der: Radfahrverein&nbsp; Schwalbe A\u00dflar 1913 e.V. Luisenstr. 11b 35614 A\u00dflar Telefon: 06441-2102992 email: &nbsp;vorstand@rv-schwalbe-asslar.de Vertretungsberechtigter Vorstand: &nbsp;Simon Gl\u00f6ckner, B\u00e4rbel M\u00fcller Registergerricht: Amtsgericht Wetzlar Regiesternummer: VR 484 Rechtshinweis Alle in unseren Internetseiten enthaltenen Angaben und Informationen wurden &hellip; <a href=\"http:\/\/rv-schwalbe-asslar.de\/wordpress\/?page_id=10\">Weiterlesen <span class=\"meta-nav\">&rarr;<\/span><\/a><\/p>\n","protected":false},"author":2,"featured_media":0,"parent":0,"menu_order":0,"comment_status":"open","ping_status":"open","template":"","meta":{"ngg_post_thumbnail":0},"_links":{"self":[{"href":"http:\/\/rv-schwalbe-asslar.de\/wordpress\/index.php?rest_route=\/wp\/v2\/pages\/10"}],"collection":[{"href":"http:\/\/rv-schwalbe-asslar.de\/wordpress\/index.php?rest_route=\/wp\/v2\/pages"}],"about":[{"href":"http:\/\/rv-schwalbe-asslar.de\/wordpress\/index.php?rest_route=\/wp\/v2\/types\/page"}],"author":[{"embeddable":true,"href":"http:\/\/rv-schwalbe-asslar.de\/wordpress\/index.php?rest_route=\/wp\/v2\/users\/2"}],"replies":[{"embeddable":true,"href":"http:\/\/rv-schwalbe-asslar.de\/wordpress\/index.php?rest_route=%2Fwp%2Fv2%2Fcomments&post=10"}],"version-history":[{"count":7,"href":"http:\/\/rv-schwalbe-asslar.de\/wordpress\/index.php?rest_route=\/wp\/v2\/pages\/10\/revisions"}],"predecessor-version":[{"id":1120,"href":"http:\/\/rv-schwalbe-asslar.de\/wordpress\/index.php?rest_route=\/wp\/v2\/pages\/10\/revisions\/1120"}],"wp:attachment":[{"href":"http:\/\/rv-schwalbe-asslar.de\/wordpress\/index.php?rest_route=%2Fwp%2Fv2%2Fmedia&parent=10"}],"curies":[{"name":"wp","href":"https:\/\/api.w.org\/{rel}","templated":true}]}}